{"id":58,"date":"2017-06-28T20:03:22","date_gmt":"2017-06-28T18:03:22","guid":{"rendered":"http:\/\/www.huishurenardeche.nl\/?page_id=58"},"modified":"2022-06-22T15:29:21","modified_gmt":"2022-06-22T13:29:21","slug":"availability","status":"publish","type":"page","link":"https:\/\/www.huishurenardeche.nl\/en\/availability\/","title":{"rendered":"Availability"},"content":{"rendered":"<p>Please send us a message if you have questions or if you would like to inquire about the availability of our villa.<\/p>\n<p>(ask for the owner discount).<br \/>\nLes Rives de l\u2019Ard\u00e8che<br \/>\ndetached villa 10 pers private pool + air conditioning<\/p>\n<p>On request, you can receive a free quote.<\/p>\n<p>&nbsp;<\/p>\n<table border=\"1\" cellspacing=\"0\" cellpadding=\"0\">\n<tbody>\n<tr>\n<td><strong>Season<\/strong><\/td>\n<td><strong>Rentalprice per week <\/strong><br \/>\n<strong>excl bookingcosts<\/strong><\/td>\n<\/tr>\n<tr>\n<td>Lowseason<\/td>\n<td>\u20ac 1000,&#8211; (ask for the owner discount).<\/td>\n<\/tr>\n<tr>\n<td>Midseason<\/td>\n<td>\u20ac 1.500,&#8211;(ask for the owner discount).<\/td>\n<\/tr>\n<tr>\n<td>Season<\/td>\n<td>\u20ac 2.500,&#8211; (ask for the owner discount).<\/td>\n<\/tr>\n<\/tbody>\n<\/table>\n<p>&nbsp;<\/p>\n<p>&nbsp;<\/p>\n<p>&nbsp;<\/p>","protected":false},"excerpt":{"rendered":"<p>Please send us a message if you have questions or if you would like to inquire about the availability of our villa. (ask for the owner discount). Les Rives de l\u2019Ard\u00e8che detached villa 10 pers private pool + air conditioning On request, you can receive a free quote. &nbsp; Season Rentalprice per week excl bookingcosts [&hellip;]<\/p>\n","protected":false},"author":1,"featured_media":0,"parent":0,"menu_order":0,"comment_status":"closed","ping_status":"closed","template":"template-fullwidth.php","meta":{"jetpack_post_was_ever_published":false,"footnotes":""},"class_list":["post-58","page","type-page","status-publish","hentry","post-preview"],"yoast_head":"<!-- This site is optimized with the Yoast SEO plugin v26.9 - https:\/\/yoast.com\/product\/yoast-seo-wordpress\/ -->\n<title>Vakantievilla in de Ard\u00e8che Villa huren - Prijzen en reserveren<\/title>\n<meta name=\"description\" content=\"[:nl]Prijzen en reserveren[:en]Availability[:fr]Prix et reservations[:] - Vakantievilla in de Ard\u00e8che Villa huren in de Ard\u00e8che \u00e9\u00e9n van de mooiste streken van Zuid-Frankrijk\" \/>\n<meta name=\"robots\" content=\"index, follow, max-snippet:-1, max-image-preview:large, max-video-preview:-1\" \/>\n<link rel=\"canonical\" href=\"https:\/\/www.huishurenardeche.nl\/availability\/\" \/>\n<meta property=\"og:locale\" content=\"en_US\" \/>\n<meta property=\"og:type\" content=\"article\" \/>\n<meta property=\"og:title\" content=\"Vakantievilla in de Ard\u00e8che Villa huren - Prijzen en reserveren\" \/>\n<meta property=\"og:description\" content=\"[:nl]Prijzen en reserveren[:en]Availability[:fr]Prix et reservations[:] - Vakantievilla in de Ard\u00e8che Villa huren in de Ard\u00e8che \u00e9\u00e9n van de mooiste streken van Zuid-Frankrijk\" \/>\n<meta property=\"og:url\" content=\"https:\/\/www.huishurenardeche.nl\/availability\/\" \/>\n<meta property=\"og:site_name\" content=\"huishurenardeche.nl\" \/>\n<meta property=\"article:modified_time\" content=\"2022-06-22T13:29:21+00:00\" \/>\n<meta name=\"twitter:card\" content=\"summary_large_image\" \/>\n<meta name=\"twitter:label1\" content=\"Est. reading time\" \/>\n\t<meta name=\"twitter:data1\" content=\"1 minute\" \/>\n<script type=\"application\/ld+json\" class=\"yoast-schema-graph\">{\"@context\":\"https:\/\/schema.org\",\"@graph\":[{\"@type\":\"WebPage\",\"@id\":\"https:\/\/www.huishurenardeche.nl\/availability\/\",\"url\":\"https:\/\/www.huishurenardeche.nl\/availability\/\",\"name\":\"Vakantievilla in de Ard\u00e8che Villa huren - Prijzen en reserveren\",\"isPartOf\":{\"@id\":\"https:\/\/www.huishurenardeche.nl\/#website\"},\"datePublished\":\"2017-06-28T18:03:22+00:00\",\"dateModified\":\"2022-06-22T13:29:21+00:00\",\"description\":\"[:nl]Prijzen en reserveren[:en]Availability[:fr]Prix et reservations[:] - Vakantievilla in de Ard\u00e8che Villa huren in de Ard\u00e8che \u00e9\u00e9n van de mooiste streken van Zuid-Frankrijk\",\"breadcrumb\":{\"@id\":\"https:\/\/www.huishurenardeche.nl\/availability\/#breadcrumb\"},\"inLanguage\":\"en-US\",\"potentialAction\":[{\"@type\":\"ReadAction\",\"target\":[\"https:\/\/www.huishurenardeche.nl\/availability\/\"]}]},{\"@type\":\"BreadcrumbList\",\"@id\":\"https:\/\/www.huishurenardeche.nl\/availability\/#breadcrumb\",\"itemListElement\":[{\"@type\":\"ListItem\",\"position\":1,\"name\":\"Home\",\"item\":\"https:\/\/www.huishurenardeche.nl\/en\/\"},{\"@type\":\"ListItem\",\"position\":2,\"name\":\"Prijzen en reserveren\"}]},{\"@type\":\"WebSite\",\"@id\":\"https:\/\/www.huishurenardeche.nl\/#website\",\"url\":\"https:\/\/www.huishurenardeche.nl\/\",\"name\":\"huishurenardeche.nl\",\"description\":\"In een van de mooiste streken in Zuid-Frankrijk\",\"potentialAction\":[{\"@type\":\"SearchAction\",\"target\":{\"@type\":\"EntryPoint\",\"urlTemplate\":\"https:\/\/www.huishurenardeche.nl\/?s={search_term_string}\"},\"query-input\":{\"@type\":\"PropertyValueSpecification\",\"valueRequired\":true,\"valueName\":\"search_term_string\"}}],\"inLanguage\":\"en-US\"}]}<\/script>\n<!-- \/ Yoast SEO plugin. -->","yoast_head_json":{"title":"Vakantievilla in de Ard\u00e8che Villa huren - Prijzen en reserveren","description":"[:nl]Prijzen en reserveren[:en]Availability[:fr]Prix et reservations[:] - Vakantievilla in de Ard\u00e8che Villa huren in de Ard\u00e8che \u00e9\u00e9n van de mooiste streken van Zuid-Frankrijk","robots":{"index":"index","follow":"follow","max-snippet":"max-snippet:-1","max-image-preview":"max-image-preview:large","max-video-preview":"max-video-preview:-1"},"canonical":"https:\/\/www.huishurenardeche.nl\/availability\/","og_locale":"en_US","og_type":"article","og_title":"Vakantievilla in de Ard\u00e8che Villa huren - Prijzen en reserveren","og_description":"[:nl]Prijzen en reserveren[:en]Availability[:fr]Prix et reservations[:] - Vakantievilla in de Ard\u00e8che Villa huren in de Ard\u00e8che \u00e9\u00e9n van de mooiste streken van Zuid-Frankrijk","og_url":"https:\/\/www.huishurenardeche.nl\/availability\/","og_site_name":"huishurenardeche.nl","article_modified_time":"2022-06-22T13:29:21+00:00","twitter_card":"summary_large_image","twitter_misc":{"Est. reading time":"1 minute"},"schema":{"@context":"https:\/\/schema.org","@graph":[{"@type":"WebPage","@id":"https:\/\/www.huishurenardeche.nl\/availability\/","url":"https:\/\/www.huishurenardeche.nl\/availability\/","name":"Vakantievilla in de Ard\u00e8che Villa huren - Prijzen en reserveren","isPartOf":{"@id":"https:\/\/www.huishurenardeche.nl\/#website"},"datePublished":"2017-06-28T18:03:22+00:00","dateModified":"2022-06-22T13:29:21+00:00","description":"[:nl]Prijzen en reserveren[:en]Availability[:fr]Prix et reservations[:] - Vakantievilla in de Ard\u00e8che Villa huren in de Ard\u00e8che \u00e9\u00e9n van de mooiste streken van Zuid-Frankrijk","breadcrumb":{"@id":"https:\/\/www.huishurenardeche.nl\/availability\/#breadcrumb"},"inLanguage":"en-US","potentialAction":[{"@type":"ReadAction","target":["https:\/\/www.huishurenardeche.nl\/availability\/"]}]},{"@type":"BreadcrumbList","@id":"https:\/\/www.huishurenardeche.nl\/availability\/#breadcrumb","itemListElement":[{"@type":"ListItem","position":1,"name":"Home","item":"https:\/\/www.huishurenardeche.nl\/en\/"},{"@type":"ListItem","position":2,"name":"Prijzen en reserveren"}]},{"@type":"WebSite","@id":"https:\/\/www.huishurenardeche.nl\/#website","url":"https:\/\/www.huishurenardeche.nl\/","name":"huishurenardeche.nl","description":"In een van de mooiste streken in Zuid-Frankrijk","potentialAction":[{"@type":"SearchAction","target":{"@type":"EntryPoint","urlTemplate":"https:\/\/www.huishurenardeche.nl\/?s={search_term_string}"},"query-input":{"@type":"PropertyValueSpecification","valueRequired":true,"valueName":"search_term_string"}}],"inLanguage":"en-US"}]}},"jetpack_sharing_enabled":true,"jetpack_shortlink":"https:\/\/wp.me\/P8SsqN-W","jetpack-related-posts":[],"_links":{"self":[{"href":"https:\/\/www.huishurenardeche.nl\/en\/wp-json\/wp\/v2\/pages\/58","targetHints":{"allow":["GET"]}}],"collection":[{"href":"https:\/\/www.huishurenardeche.nl\/en\/wp-json\/wp\/v2\/pages"}],"about":[{"href":"https:\/\/www.huishurenardeche.nl\/en\/wp-json\/wp\/v2\/types\/page"}],"author":[{"embeddable":true,"href":"https:\/\/www.huishurenardeche.nl\/en\/wp-json\/wp\/v2\/users\/1"}],"replies":[{"embeddable":true,"href":"https:\/\/www.huishurenardeche.nl\/en\/wp-json\/wp\/v2\/comments?post=58"}],"version-history":[{"count":4,"href":"https:\/\/www.huishurenardeche.nl\/en\/wp-json\/wp\/v2\/pages\/58\/revisions"}],"predecessor-version":[{"id":749,"href":"https:\/\/www.huishurenardeche.nl\/en\/wp-json\/wp\/v2\/pages\/58\/revisions\/749"}],"wp:attachment":[{"href":"https:\/\/www.huishurenardeche.nl\/en\/wp-json\/wp\/v2\/media?parent=58"}],"curies":[{"name":"wp","href":"https:\/\/api.w.org\/{rel}","templated":true}]}}